{"id":2047,"date":"2020-10-21T12:07:04","date_gmt":"2020-10-21T10:07:04","guid":{"rendered":"https:\/\/www.attenberger-gmbh.de\/impressum\/"},"modified":"2025-06-12T11:22:48","modified_gmt":"2025-06-12T09:22:48","slug":"impressum","status":"publish","type":"page","link":"https:\/\/www.attenberger-gmbh.de\/en\/impressum\/","title":{"rendered":"Impressum"},"content":{"rendered":"<div id=\"pl-2047\"  class=\"panel-layout\" ><div id=\"pg-2047-0\"  class=\"panel-grid panel-has-style\" ><div class=\"padded pw-waypoint panel-row-style panel-row-style-for-2047-0\" ><div id=\"pgc-2047-0-0\"  class=\"panel-grid-cell\" ><div id=\"panel-2047-0-0-0\" class=\"so-panel widget widget_headline-widget panel-first-child\" data-index=\"0\" ><div\n\t\t\t\n\t\t\tclass=\"so-widget-headline-widget so-widget-headline-widget-default-d75171398898-2047\"\n\t\t\t\n\t\t>\n\n<div class=\"pw-headline headline-align-left\">\n\n                <h1 class='pw-headline__title'>            Impressum            <\/h1>    \n<\/div><\/div><\/div><div id=\"panel-2047-0-0-1\" class=\"so-panel widget widget_sow-editor panel-last-child\" data-index=\"1\" ><div\n\t\t\t\n\t\t\tclass=\"so-widget-sow-editor so-widget-sow-editor-base\"\n\t\t\t\n\t\t>\n<div class=\"siteorigin-widget-tinymce textwidget\">\n\t<p><strong>Attenberger GmbH \u2013 Fachb\u00fcro f\u00fcr Arbeitssicherheit und Umweltschutz<\/strong><br \/>\nTittlinger Str. 7<br \/>\n94034 Passau<\/p>\n<p>Telefon: 0851\/6365<br \/>\nTelefax: 0851\/6380<br \/>\nE-Mail: <a href=\"mailto:info@attenberger-gmbh.de\">info@attenberger-gmbh.de<\/a><\/p>\n<p>Gesch\u00e4ftsf\u00fchrer: Frank Attenberger<br \/>\nProkura: Christine Attenberger, Gudrun Reino\u00df, Harald M\u00fchlb\u00f6ck<br \/>\nHandelsregister: Amtsgericht Passau, HRB 6233<br \/>\nUmsatzsteuer-ID-Nr.: DE221529058<\/p>\n<p><strong>ASU GmbH \u2013 Fachb\u00fcro f\u00fcr Arbeitssicherheit und Umweltschutz<\/strong><\/p>\n<p>Marienstr. 9<br \/>\nA \u2013 4020 Linz<\/p>\n<p>Telefon: +43 732 \/ 27 44 78<br \/>\nMobil: + 49 170 \/ 5377799<br \/>\nE-Mail: <a href=\"mailto:frank.attenberger@attenberger-gmbh.de\">frank.attenberger@attenberger-gmbh.de<\/a><\/p>\n<p>Gesch\u00e4ftsf\u00fchrer: Frank Attenberger<br \/>\nLandesgericht Linz FN 409683a<br \/>\nUID-Nr. ATU68527604<br \/>\nSteuer-Nr. 224\/8709<\/p>\n<p><strong>Attenberger GmbH Pr\u00fcfdienst<\/strong><\/p>\n<p>Tittlinger Str. 7<br \/>\n94034 Passau<\/p>\n<p>Telefon: 0851\/6365<br \/>\nTelefax: 0851\/6380<br \/>\nE-Mail: <a href=\"mailto:info@attenberger-gmbh.de\">info@attenberger-gmbh.de<\/a><\/p>\n<p>Gesch\u00e4ftsf\u00fchrer: Frank Attenberger<br \/>\nProkura: Christine Attenberger<br \/>\nHandelsregister: Amtsgericht Passau, HRB 6423<br \/>\nUmsatzsteuer-ID-Nr.: 231672653<\/p>\n<p>&nbsp;<\/p>\n<p><strong>Berufsverband<\/strong><br \/>\nVDSI<br \/>\nSchiersteier Stra\u00dfe 39<br \/>\n65187 Wiesbaden<br \/>\nBayer. Ingenieurekammer-Bau<br \/>\nNymphenburger Stra\u00dfe 5<br \/>\n80335 M\u00fcnchen<\/p>\n<p><strong>Betriebshaftpflichtversicherung<\/strong><br \/>\nAXA Versicherung AG<br \/>\n51067 K\u00f6ln<br \/>\nVersicherungsschutz besteht weltweit<\/p>\n<p><strong>Betreuende Agentur<\/strong><br \/>\nPassau Webdesign eine Marke der Jerschabek GmbH \u2013 Digitale Business L\u00f6sungen<br \/>\nHermann-von-Moreau-Str. 6<br \/>\nD-94036 Passau<\/p>\n<p>Telefon: +49 851 \/ 966 81 00<br \/>\nMobil: +49 170 \/ 484 7 535<br \/>\nE-Mail: <a href=\"mailto:hallo@passau-webdesign.com\">hallo@passau-webdesign.com<\/a><br \/>\nWeb: <a href=\"https:\/\/www.passau-webdesign.com\">www.passau-webdesign.com<\/a><\/p>\n<p><strong>Haftung f\u00fcr Inhalte<\/strong><br \/>\nWir bem\u00fchen uns die Inhalte unserer Seite aktuell zu halten. Trotz sorgf\u00e4ltiger Bearbeitung bleibt eine Haftung ausgeschlossen.<br \/>\nAls Diensteanbieter sind wir gem\u00e4\u00df \u00a7 7 Abs.1 TMG f\u00fcr eigene Inhalte auf diesen Seiten nach den allgemeinen Gesetzen verantwortlich.<\/p>\n<p>Nach \u00a7\u00a7 8 bis 10 TMG sind wir als Diensteanbieter jedoch nicht verpflichtet, \u00fcbermittelte oder gespeicherte fremde Informationen zu \u00fcberwachen. Bei bekannt werden von Rechtsverletzungen, werden wir diese Inhalte umgehend entfernen. Eine diesbez\u00fcgliche Haftung \u00fcbernehmen wir erst ab dem Zeitpunkt der Kenntnis einer m\u00f6glichen Rechtsverletzung.<\/p>\n<p><strong>Haftung f\u00fcr Links<\/strong><br \/>\nUnser Angebot enth\u00e4lt Links zu externen Webseiten Dritter, auf deren Inhalte wir keinen Einfluss haben. F\u00fcr die Inhalte der verlinkten Seiten ist stets der jeweilige Anbieter oder Betreiber der Seiten verantwortlich. F\u00fcr die Inhalte und die Richtigkeit der Informationen verlinkter Websites fremder Informationsanbieter wird keine Gew\u00e4hr \u00fcbernommen.<\/p>\n<p>Die verlinkten Seiten wurden zum Zeitpunkt der Verlinkung auf m\u00f6gliche Rechtsverst\u00f6\u00dfe ohne Beanstandung \u00fcberpr\u00fcft. Bei bekannt werden von Rechtsverletzungen werden wir derartige Links umgehend entfernen.<\/p>\n<p><strong>Urheberrecht<\/strong><br \/>\nDie durch die Seitenbetreiber erstellten Inhalte und Werke auf diesen Seiten unterliegen dem deutschen Urheberrecht. Die Vervielf\u00e4ltigung, Bearbeitung, Verbreitung und jede Art der Verwertung au\u00dferhalb der Grenzen des Urheberrechtes bed\u00fcrfen der schriftlichen Zustimmung des jeweiligen Autors bzw. Erstellers.<\/p>\n<p><strong>Verwendung von Bildmaterial<\/strong><\/p>\n<p>Foto Laudi &amp; Privat<\/p>\n<p>\u00a9 <span class=\"blue bleu-de-france-text\" data-t=\"detail-panel-content-author-name\"><a class=\"blue bleu-de-france-text js-contributor-link\" href=\"https:\/\/stock.adobe.com\/de\/contributor\/200571845\/gorodenkoff?load_type=author&amp;prev_url=detail\" data-ingest-clicktype=\"details-contributor-link\">Gorodenkoff <\/a><\/span>\u2013 stock.adobe.com<\/p>\n<p>\u00a9 <span class=\"blue bleu-de-france-text\" data-t=\"detail-panel-content-author-name\"><a class=\"blue bleu-de-france-text js-contributor-link\" href=\"https:\/\/stock.adobe.com\/de\/contributor\/205198462\/stock-rocket?load_type=author&amp;prev_url=detail\" data-ingest-clicktype=\"details-contributor-link\">Stock Rocket <\/a><\/span>\u2013 stock.adobe.com<\/p>\n<p>\u00a9 <span class=\"blue bleu-de-france-text\" data-t=\"detail-panel-content-author-name\"><a class=\"blue bleu-de-france-text js-contributor-link\" href=\"https:\/\/stock.adobe.com\/de\/contributor\/206397365\/kokliang1981?load_type=author&amp;prev_url=detail\" data-ingest-clicktype=\"details-contributor-link\">kokliang1981 <\/a><\/span>\u00a0\u2013 stock.adobe.com<\/p>\n<\/div>\n<\/div><\/div><\/div><\/div><\/div><\/div>","protected":false},"excerpt":{"rendered":"<p>Attenberger GmbH \u2013 Fachb\u00fcro f\u00fcr Arbeitssicherheit und Umweltschutz Tittlinger Str. 7 94034 Passau Telefon: 0851\/6365 Telefax: 0851\/6380 E-Mail: info@attenberger-gmbh.de Gesch\u00e4ftsf\u00fchrer: Frank Attenberger Prokura: Christine Attenberger, Gudrun Reino\u00df, Harald M\u00fchlb\u00f6ck Handelsregister: Amtsgericht Passau, HRB 6233 Umsatzsteuer-ID-Nr.: DE221529058 ASU GmbH \u2013 Fachb\u00fcro f\u00fcr Arbeitssicherheit und Umweltschutz Marienstr. 9 A \u2013 4020 Linz Telefon: +43 732 \/ 27 [&hellip;]<\/p>\n","protected":false},"author":1,"featured_media":0,"parent":0,"menu_order":0,"comment_status":"closed","ping_status":"closed","template":"","meta":{"footnotes":""},"class_list":["post-2047","page","type-page","status-publish","hentry"],"yoast_head":"<!-- This site is optimized with the Yoast SEO plugin v26.0 - https:\/\/yoast.com\/wordpress\/plugins\/seo\/ -->\n<title>Impressum - Attenberger GmbH<\/title>\n<meta name=\"robots\" content=\"index, follow, max-snippet:-1, max-image-preview:large, max-video-preview:-1\" \/>\n<link rel=\"canonical\" href=\"https:\/\/www.attenberger-gmbh.de\/en\/impressum\/\" \/>\n<meta property=\"og:locale\" content=\"en_US\" \/>\n<meta property=\"og:type\" content=\"article\" \/>\n<meta property=\"og:title\" content=\"Impressum - Attenberger GmbH\" \/>\n<meta property=\"og:description\" content=\"Attenberger GmbH \u2013 Fachb\u00fcro f\u00fcr Arbeitssicherheit und Umweltschutz Tittlinger Str. 7 94034 Passau Telefon: 0851\/6365 Telefax: 0851\/6380 E-Mail: info@attenberger-gmbh.de Gesch\u00e4ftsf\u00fchrer: Frank Attenberger Prokura: Christine Attenberger, Gudrun Reino\u00df, Harald M\u00fchlb\u00f6ck Handelsregister: Amtsgericht Passau, HRB 6233 Umsatzsteuer-ID-Nr.: DE221529058 ASU GmbH \u2013 Fachb\u00fcro f\u00fcr Arbeitssicherheit und Umweltschutz Marienstr. 9 A \u2013 4020 Linz Telefon: +43 732 \/ 27 [&hellip;]\" \/>\n<meta property=\"og:url\" content=\"https:\/\/www.attenberger-gmbh.de\/en\/impressum\/\" \/>\n<meta property=\"og:site_name\" content=\"Attenberger GmbH\" \/>\n<meta property=\"article:modified_time\" content=\"2025-06-12T09:22:48+00:00\" \/>\n<meta name=\"twitter:card\" content=\"summary_large_image\" \/>\n<meta name=\"twitter:label1\" content=\"Est. reading time\" \/>\n\t<meta name=\"twitter:data1\" content=\"3 minutes\" \/>\n<script type=\"application\/ld+json\" class=\"yoast-schema-graph\">{\"@context\":\"https:\/\/schema.org\",\"@graph\":[{\"@type\":\"WebPage\",\"@id\":\"https:\/\/www.attenberger-gmbh.de\/en\/impressum\/\",\"url\":\"https:\/\/www.attenberger-gmbh.de\/en\/impressum\/\",\"name\":\"Impressum - Attenberger GmbH\",\"isPartOf\":{\"@id\":\"https:\/\/www.attenberger-gmbh.de\/en\/#website\"},\"datePublished\":\"2020-10-21T10:07:04+00:00\",\"dateModified\":\"2025-06-12T09:22:48+00:00\",\"breadcrumb\":{\"@id\":\"https:\/\/www.attenberger-gmbh.de\/en\/impressum\/#breadcrumb\"},\"inLanguage\":\"en-US\",\"potentialAction\":[{\"@type\":\"ReadAction\",\"target\":[\"https:\/\/www.attenberger-gmbh.de\/en\/impressum\/\"]}]},{\"@type\":\"BreadcrumbList\",\"@id\":\"https:\/\/www.attenberger-gmbh.de\/en\/impressum\/#breadcrumb\",\"itemListElement\":[{\"@type\":\"ListItem\",\"position\":1,\"name\":\"Home\",\"item\":\"https:\/\/www.attenberger-gmbh.de\/en\/\"},{\"@type\":\"ListItem\",\"position\":2,\"name\":\"Impressum\"}]},{\"@type\":\"WebSite\",\"@id\":\"https:\/\/www.attenberger-gmbh.de\/en\/#website\",\"url\":\"https:\/\/www.attenberger-gmbh.de\/en\/\",\"name\":\"Attenberger GmbH\",\"description\":\"\",\"potentialAction\":[{\"@type\":\"SearchAction\",\"target\":{\"@type\":\"EntryPoint\",\"urlTemplate\":\"https:\/\/www.attenberger-gmbh.de\/en\/?s={search_term_string}\"},\"query-input\":{\"@type\":\"PropertyValueSpecification\",\"valueRequired\":true,\"valueName\":\"search_term_string\"}}],\"inLanguage\":\"en-US\"}]}<\/script>\n<!-- \/ Yoast SEO plugin. -->","yoast_head_json":{"title":"Impressum - Attenberger GmbH","robots":{"index":"index","follow":"follow","max-snippet":"max-snippet:-1","max-image-preview":"max-image-preview:large","max-video-preview":"max-video-preview:-1"},"canonical":"https:\/\/www.attenberger-gmbh.de\/en\/impressum\/","og_locale":"en_US","og_type":"article","og_title":"Impressum - Attenberger GmbH","og_description":"Attenberger GmbH \u2013 Fachb\u00fcro f\u00fcr Arbeitssicherheit und Umweltschutz Tittlinger Str. 7 94034 Passau Telefon: 0851\/6365 Telefax: 0851\/6380 E-Mail: info@attenberger-gmbh.de Gesch\u00e4ftsf\u00fchrer: Frank Attenberger Prokura: Christine Attenberger, Gudrun Reino\u00df, Harald M\u00fchlb\u00f6ck Handelsregister: Amtsgericht Passau, HRB 6233 Umsatzsteuer-ID-Nr.: DE221529058 ASU GmbH \u2013 Fachb\u00fcro f\u00fcr Arbeitssicherheit und Umweltschutz Marienstr. 9 A \u2013 4020 Linz Telefon: +43 732 \/ 27 [&hellip;]","og_url":"https:\/\/www.attenberger-gmbh.de\/en\/impressum\/","og_site_name":"Attenberger GmbH","article_modified_time":"2025-06-12T09:22:48+00:00","twitter_card":"summary_large_image","twitter_misc":{"Est. reading time":"3 minutes"},"schema":{"@context":"https:\/\/schema.org","@graph":[{"@type":"WebPage","@id":"https:\/\/www.attenberger-gmbh.de\/en\/impressum\/","url":"https:\/\/www.attenberger-gmbh.de\/en\/impressum\/","name":"Impressum - Attenberger GmbH","isPartOf":{"@id":"https:\/\/www.attenberger-gmbh.de\/en\/#website"},"datePublished":"2020-10-21T10:07:04+00:00","dateModified":"2025-06-12T09:22:48+00:00","breadcrumb":{"@id":"https:\/\/www.attenberger-gmbh.de\/en\/impressum\/#breadcrumb"},"inLanguage":"en-US","potentialAction":[{"@type":"ReadAction","target":["https:\/\/www.attenberger-gmbh.de\/en\/impressum\/"]}]},{"@type":"BreadcrumbList","@id":"https:\/\/www.attenberger-gmbh.de\/en\/impressum\/#breadcrumb","itemListElement":[{"@type":"ListItem","position":1,"name":"Home","item":"https:\/\/www.attenberger-gmbh.de\/en\/"},{"@type":"ListItem","position":2,"name":"Impressum"}]},{"@type":"WebSite","@id":"https:\/\/www.attenberger-gmbh.de\/en\/#website","url":"https:\/\/www.attenberger-gmbh.de\/en\/","name":"Attenberger GmbH","description":"","potentialAction":[{"@type":"SearchAction","target":{"@type":"EntryPoint","urlTemplate":"https:\/\/www.attenberger-gmbh.de\/en\/?s={search_term_string}"},"query-input":{"@type":"PropertyValueSpecification","valueRequired":true,"valueName":"search_term_string"}}],"inLanguage":"en-US"}]}},"_links":{"self":[{"href":"https:\/\/www.attenberger-gmbh.de\/en\/wp-json\/wp\/v2\/pages\/2047","targetHints":{"allow":["GET"]}}],"collection":[{"href":"https:\/\/www.attenberger-gmbh.de\/en\/wp-json\/wp\/v2\/pages"}],"about":[{"href":"https:\/\/www.attenberger-gmbh.de\/en\/wp-json\/wp\/v2\/types\/page"}],"author":[{"embeddable":true,"href":"https:\/\/www.attenberger-gmbh.de\/en\/wp-json\/wp\/v2\/users\/1"}],"replies":[{"embeddable":true,"href":"https:\/\/www.attenberger-gmbh.de\/en\/wp-json\/wp\/v2\/comments?post=2047"}],"version-history":[{"count":22,"href":"https:\/\/www.attenberger-gmbh.de\/en\/wp-json\/wp\/v2\/pages\/2047\/revisions"}],"predecessor-version":[{"id":3851,"href":"https:\/\/www.attenberger-gmbh.de\/en\/wp-json\/wp\/v2\/pages\/2047\/revisions\/3851"}],"wp:attachment":[{"href":"https:\/\/www.attenberger-gmbh.de\/en\/wp-json\/wp\/v2\/media?parent=2047"}],"curies":[{"name":"wp","href":"https:\/\/api.w.org\/{rel}","templated":true}]}}